{"id":13,"date":"2026-02-18T16:53:44","date_gmt":"2026-02-18T19:53:44","guid":{"rendered":"https:\/\/www.checklist.ezzpro.com.br\/?page_id=13"},"modified":"2026-02-18T16:53:44","modified_gmt":"2026-02-18T19:53:44","slug":"home","status":"publish","type":"page","link":"https:\/\/www.checklist.ezzpro.com.br\/","title":{"rendered":"Home"},"content":{"rendered":"<div id=\"sp-page\" class=\"spBgcover sp-content-4\" style=\"background-color: rgb(255, 255, 255); background-image: url('https:\/\/assets.seedprod.com\/93-7v88vkr23q3ujpcp.jpg'); font-family: Inter, sans-serif; font-weight: 400;\">\n<section id=\"sp-ckzdoppede1\" data-mobile-visibility=\"#sp-ckzdoppede1|false\" data-tablet-visibility=\"#sp-ckzdoppede1|false\" data-desktop-visibility=\"#sp-ckzdoppede1|false\" data-mobile-css=\"\" data-tablet-css=\"\" class=\"sp-el-section  spBgcover\" style=\"width: 100%; max-width: 100%; padding: 10px;\">\n<div><\/div>\n<div id=\"sp-rahpdx4qbt4v\" data-mobile-visibility=\"#sp-rahpdx4qbt4v|false\" data-tablet-visibility=\"#sp-rahpdx4qbt4v|false\" data-desktop-visibility=\"#sp-rahpdx4qbt4v|false\" data-mobile-css=\"\" data-tablet-css=\"\" class=\"sp-el-row sp-w-full  sp-m-auto spBgcover sm:sp-flex sp-justify-between\" style=\"padding: 10px; width: auto; max-width: 1000px;\">\n<div id=\"sp-nlys3wrlqsuq\" data-mobile-visibility=\"#sp-nlys3wrlqsuq|false\" data-tablet-visibility=\"#sp-nlys3wrlqsuq|false\" data-desktop-visibility=\"#sp-nlys3wrlqsuq|false\" data-mobile-css=\"\" data-tablet-css=\"\" class=\"sp-el-col  spBgcover sp-w-full\" style=\"width: calc(50% + 0px);\"><span href=\"\" target=\"\" rel=\"\" class=\"sp-header-block-link\" style=\"text-decoration: none;\"><\/p>\n<h1 id=\"sp-wxi918kaufaj\" data-mobile-css=\".sp-headline-block-wxi918kaufaj, #sp-wxi918kaufaj, #wxi918kaufaj|text-align:center;\" data-tablet-css=\".sp-headline-block-wxi918kaufaj, #sp-wxi918kaufaj, #wxi918kaufaj|text-align:center;\" data-mobile-visibility=\".sp-headline-block-wxi918kaufaj|false\" data-tablet-visibility=\".sp-headline-block-wxi918kaufaj|false\" data-desktop-visibility=\".sp-headline-block-wxi918kaufaj|false\" class=\"sp-css-target sp-el-block sp-headline-block-wxi918kaufaj sp-type-header\" style=\"font-size: 60px; text-align: left; margin: 0px;\">O Checklist Definitivo para Escalar seu Provedor<\/h1>\n<p><\/span><\/p>\n<div id=\"sp-to9pc086it6g\" data-mobile-css=\".sp-text-wrapper-to9pc086it6g, #sp-to9pc086it6g, #to9pc086it6g|text-align:left;\" data-tablet-css=\".sp-text-wrapper-to9pc086it6g, #sp-to9pc086it6g, #to9pc086it6g|text-align:left;\" data-mobile-visibility=\".sp-text-wrapper-to9pc086it6g|false\" data-tablet-visibility=\".sp-text-wrapper-to9pc086it6g|false\" data-desktop-visibility=\".sp-text-wrapper-to9pc086it6g|false\" class=\"sp-css-target sp-text-wrapper sp-el-block sp-text-wrapper-to9pc086it6g\" style=\"margin: 0px; text-align: left;\">\n<p>Voc\u00ea perde tempo com processos manuais? <br \/>Descubra os 10 pontos cegos que est\u00e3o travando seu crescimento.<\/p>\n<\/div>\n<div id=\"sp-bz8yoxok8c8\" data-mobile-css=\".sp-bulletlist-block-bz8yoxok8c8, #sp-bz8yoxok8c8|justify-content:flex-start;\" data-tablet-css=\".sp-bulletlist-block-bz8yoxok8c8, #sp-bz8yoxok8c8|justify-content:flex-start;\" data-mobile-visibility=\".sp-bulletlist-block-bz8yoxok8c8|false\" data-tablet-visibility=\".sp-bulletlist-block-bz8yoxok8c8|false\" data-desktop-visibility=\".sp-bulletlist-block-bz8yoxok8c8|false\" class=\"sp-flex sp-css-target sp-el-block sp-bulletlist-block-template-0 sp-justify-start sp-bulletlist-block-bz8yoxok8c8\" style=\"margin: 0px;\">\n<ul class=\"sp-bulletlist-wrapper\">\n<li data-mobile-css=\"#sp-bz8yoxok8c8 .sp-bullet-list-item-bz8yoxok8c8-0|padding:0px 0px 10px 0px ;\" data-tablet-css=\"#sp-bz8yoxok8c8 .sp-bullet-list-item-bz8yoxok8c8-0|padding:0px 0px 10px 0px ;\" class=\"sp-flex sp-items-center sp-bullet-list-item-bz8yoxok8c8-0 sp-justify-start\" style=\"padding: 0px 0px 8px;\"><span class=\"sp-icon-wrapper sp-mr-4\"><i class=\"fa-fw fa-lg fas fa-check\" style=\"width: 32px; line-height: 32px;\"><\/i><\/span><span>Automa\u00e7\u00e3o de Bloqueio e Desbloqueio<\/span><\/li>\n<li data-mobile-css=\"#sp-bz8yoxok8c8 .sp-bullet-list-item-bz8yoxok8c8-1|padding:0px 0px 10px 0px ;\" data-tablet-css=\"#sp-bz8yoxok8c8 .sp-bullet-list-item-bz8yoxok8c8-1|padding:0px 0px 10px 0px ;\" class=\"sp-flex sp-items-center sp-bullet-list-item-bz8yoxok8c8-1 sp-justify-start\" style=\"padding: 0px 0px 8px;\"><span class=\"sp-icon-wrapper sp-mr-4\"><i class=\"fa-fw fa-lg fas fa-check\" style=\"width: 32px; line-height: 32px;\"><\/i><\/span><span>Gest\u00e3o de Backup Mikrotik<\/span><\/li>\n<li data-mobile-css=\"#sp-bz8yoxok8c8 .sp-bullet-list-item-bz8yoxok8c8-2|padding:0px 0px 10px 0px ;\" data-tablet-css=\"#sp-bz8yoxok8c8 .sp-bullet-list-item-bz8yoxok8c8-2|padding:0px 0px 10px 0px ;\" class=\"sp-flex sp-items-center sp-bullet-list-item-bz8yoxok8c8-2 sp-justify-start\" style=\"padding: 0px 0px 8px;\"><span class=\"sp-icon-wrapper sp-mr-4\"><i class=\"fa-fw fa-lg fas fa-check\" style=\"width: 32px; line-height: 32px;\"><\/i><\/span><span>Padroniza\u00e7\u00e3o de ONUs\/ONTs<\/span><\/li>\n<li data-mobile-css=\"#sp-bz8yoxok8c8 .sp-bullet-list-item-bz8yoxok8c8-3|padding:0px 0px 10px 0px ;\" data-tablet-css=\"#sp-bz8yoxok8c8 .sp-bullet-list-item-bz8yoxok8c8-3|padding:0px 0px 10px 0px ;\" class=\"sp-flex sp-items-center sp-bullet-list-item-bz8yoxok8c8-3 sp-justify-start\" style=\"padding: 0px 0px 8px;\"><span class=\"sp-icon-wrapper sp-mr-4\"><i class=\"fa-fw fa-lg fas fa-check\" style=\"width: 32px; line-height: 32px;\"><\/i><\/span><span>Monitoramento Ativo de Lat\u00eancia<\/span><\/li>\n<li data-mobile-css=\"#sp-bz8yoxok8c8 .sp-bullet-list-item-bz8yoxok8c8-4|padding:0px 0px 10px 0px ;\" data-tablet-css=\"#sp-bz8yoxok8c8 .sp-bullet-list-item-bz8yoxok8c8-4|padding:0px 0px 10px 0px ;\" class=\"sp-flex sp-items-center sp-bullet-list-item-bz8yoxok8c8-4 sp-justify-start\" style=\"padding: 0px 0px 8px;\"><span class=\"sp-icon-wrapper sp-mr-4\"><i class=\"fa-fw fa-lg fas fa-check\" style=\"width: 32px; line-height: 32px;\"><\/i><\/span><span>Redund\u00e2ncia de Link<\/span><\/li>\n<li data-mobile-css=\"#sp-bz8yoxok8c8 .sp-bullet-list-item-bz8yoxok8c8-5|padding:0px 0px 10px 0px ;\" data-tablet-css=\"#sp-bz8yoxok8c8 .sp-bullet-list-item-bz8yoxok8c8-5|padding:0px 0px 10px 0px ;\" class=\"sp-flex sp-items-center sp-bullet-list-item-bz8yoxok8c8-5 sp-justify-start\" style=\"padding: 0px 0px 8px;\"><span class=\"sp-icon-wrapper sp-mr-4\"><i class=\"fa-fw fa-lg fas fa-check\" style=\"width: 32px; line-height: 32px;\"><\/i><\/span><span>Seguran\u00e7a de Borda e Firewall<\/span><\/li>\n<li data-mobile-css=\"#sp-bz8yoxok8c8 .sp-bullet-list-item-bz8yoxok8c8-6|padding:0px 0px 10px 0px ;\" data-tablet-css=\"#sp-bz8yoxok8c8 .sp-bullet-list-item-bz8yoxok8c8-6|padding:0px 0px 10px 0px ;\" class=\"sp-flex sp-items-center sp-bullet-list-item-bz8yoxok8c8-6 sp-justify-start\" style=\"padding: 0px 0px 8px;\"><span class=\"sp-icon-wrapper sp-mr-4\"><i class=\"fa-fw fa-lg fas fa-check\" style=\"width: 32px; line-height: 32px;\"><\/i><\/span><span>Otimiza\u00e7\u00e3o de Wi-Fi no Cliente<\/span><\/li>\n<li data-mobile-css=\"#sp-bz8yoxok8c8 .sp-bullet-list-item-bz8yoxok8c8-7|padding:0px 0px 10px 0px ;\" data-tablet-css=\"#sp-bz8yoxok8c8 .sp-bullet-list-item-bz8yoxok8c8-7|padding:0px 0px 10px 0px ;\" class=\"sp-flex sp-items-center sp-bullet-list-item-bz8yoxok8c8-7 sp-justify-start\" style=\"padding: 0px 0px 8px;\"><span class=\"sp-icon-wrapper sp-mr-4\"><i class=\"fa-fw fa-lg fas fa-check\" style=\"width: 32px; line-height: 32px;\"><\/i><\/span><span>Gest\u00e3o de Estoque e Ativos<\/span><\/li>\n<li data-mobile-css=\"#sp-bz8yoxok8c8 .sp-bullet-list-item-bz8yoxok8c8-8|padding:0px 0px 10px 0px ;\" data-tablet-css=\"#sp-bz8yoxok8c8 .sp-bullet-list-item-bz8yoxok8c8-8|padding:0px 0px 10px 0px ;\" class=\"sp-flex sp-items-center sp-bullet-list-item-bz8yoxok8c8-8 sp-justify-start\" style=\"padding: 0px 0px 8px;\"><span class=\"sp-icon-wrapper sp-mr-4\"><i class=\"fa-fw fa-lg fas fa-check\" style=\"width: 32px; line-height: 32px;\"><\/i><\/span><span>Experi\u00eancia do Assinante<\/span><\/li>\n<li data-mobile-css=\"\" data-tablet-css=\"\" class=\"sp-flex sp-items-center sp-bullet-list-item-bz8yoxok8c8-9 sp-justify-start\"><span class=\"sp-icon-wrapper sp-mr-4\"><i class=\"fa-fw fa-lg fas fa-check\" style=\"width: 32px; line-height: 32px;\"><\/i><\/span><span>Faturamento Autom\u00e1tico via PIX<\/span><\/li>\n<\/ul>\n<\/div>\n<div id=\"sp-button-parent-t1wb28\" data-mobile-css=\"#sp-button-parent-t1wb28|text-align:center;\" data-tablet-css=\"#sp-button-parent-t1wb28|text-align:center;\" class=\"sp-button-wrapper sp-el-block\" style=\"margin: 0px; text-align: left;\"><a href=\"https:\/\/ezzpro.com.br\" id=\"sp-t1wb28\" data-mobile-css=\"\" data-tablet-css=\"\" data-mobile-visibility=\".sp-button-t1wb28|false\" data-tablet-visibility=\".sp-button-t1wb28|false\" data-desktop-visibility=\".sp-button-t1wb28|false\" target=\"\" rel=\"\" class=\"sp-button sp-css-target sp-text-center sp-inline-block sp-leading-none sp-button-t1wb28\" style=\"font-size: 22px; background: rgb(30, 136, 229); color: rgb(255, 255, 255); width: auto; padding: 16px 20px; border-radius: 100px;\"><span>Receber checklist gr\u00e1tis<\/span><\/a><\/div>\n<\/div>\n<div id=\"sp-sysknox8r1l\" data-mobile-visibility=\"#sp-sysknox8r1l|false\" data-tablet-visibility=\"#sp-sysknox8r1l|false\" data-desktop-visibility=\"#sp-sysknox8r1l|false\" data-mobile-css=\"\" data-tablet-css=\"\" class=\"sp-el-col  spBgcover sp-w-full\" style=\"width: calc(50% + 0px);\">\n<figure id=\"sp-wjkkjogg2c2\" data-mobile-css=\"#sp-wjkkjogg2c2|text-align:center;\" data-tablet-css=\"#sp-wjkkjogg2c2|text-align:center;\" class=\"sp-image-wrapper sp-el-block\" style=\"margin: 0px; text-align: center;\">\n<div><span><img decoding=\"async\" src=\"https:\/\/ezzpro.com.br\/static\/media\/rocket.96bccb50.gif\" alt=\"\" width=\"\" height=\"\" data-dynamic-tag=\"\" data-image-src=\"\" data-mobile-visibility=\".sp-image-block-wjkkjogg2c2|false\" data-tablet-visibility=\".sp-image-block-wjkkjogg2c2|false\" data-desktop-visibility=\".sp-image-block-wjkkjogg2c2|false\" class=\"sp-image-block-wjkkjogg2c2 custom-preview-class\" srcset=\"\"><\/span><\/div>\n<div id=\"sp-image-dynamic-tags-js-wjkkjogg2c2\"><script>jQuery(function() { image_dynamic_tags('wjkkjogg2c2' );});<\/script><\/div>\n<\/figure>\n<\/div>\n<\/div>\n<div id=\"sp-wk350t\" data-mobile-visibility=\"#sp-wk350t|false\" data-tablet-visibility=\"#sp-wk350t|false\" data-desktop-visibility=\"#sp-wk350t|false\" data-mobile-css=\"\" data-tablet-css=\"\" class=\"sp-el-row sp-w-full  sp-m-auto sm:sp-flex sp-justify-between\">\n<div id=\"sp-v8gzih\" data-mobile-visibility=\"#sp-v8gzih|false\" data-tablet-visibility=\"#sp-v8gzih|false\" data-desktop-visibility=\"#sp-v8gzih|false\" data-mobile-css=\"\" data-tablet-css=\"\" class=\"sp-el-col  sp-w-full\" style=\"width: calc(100% + 0px);\">\n<figure id=\"sp-zdngc1\" data-mobile-css=\"#sp-zdngc1|text-align:center;\" data-tablet-css=\"#sp-zdngc1|text-align:center;\" class=\"sp-image-wrapper sp-el-block\" style=\"margin: 0px; text-align: center;\">\n<div><span><img decoding=\"async\" src=\"https:\/\/ezzpro.com.br\/static\/media\/logo.e81dfec3.svg\" alt=\"\" width=\"\" height=\"\" data-dynamic-tag=\"\" data-image-src=\"\" data-mobile-visibility=\".sp-image-block-zdngc1|false\" data-tablet-visibility=\".sp-image-block-zdngc1|false\" data-desktop-visibility=\".sp-image-block-zdngc1|false\" srcset=\"\" class=\"sp-image-block-zdngc1 custom-preview-class\" style=\"object-fit: fill; height: 50px;\"><\/span><\/div>\n<div id=\"sp-image-dynamic-tags-js-zdngc1\"><script>jQuery(function() { image_dynamic_tags('zdngc1' );});<\/script><\/div>\n<\/figure>\n<\/div>\n<\/div>\n<\/section>\n<\/div>\n","protected":false},"excerpt":{"rendered":"<p>O Checklist Definitivo para Escalar seu Provedor Voc\u00ea perde tempo com processos manuais? Descubra os 10 pontos cegos que est\u00e3o travando seu crescimento. Automa\u00e7\u00e3o de Bloqueio e Desbloqueio Gest\u00e3o de Backup Mikrotik Padroniza\u00e7\u00e3o de ONUs\/ONTs Monitoramento Ativo de Lat\u00eancia Redund\u00e2ncia de Link Seguran\u00e7a de Borda e Firewall Otimiza\u00e7\u00e3o de Wi-Fi no Cliente Gest\u00e3o de Estoque [&hellip;]<\/p>\n","protected":false},"author":1,"featured_media":0,"parent":0,"menu_order":0,"comment_status":"closed","ping_status":"closed","template":"","meta":{"om_disable_all_campaigns":false,"footnotes":""},"class_list":["post-13","page","type-page","status-publish","hentry"],"_links":{"self":[{"href":"https:\/\/www.checklist.ezzpro.com.br\/index.php?rest_route=\/wp\/v2\/pages\/13","targetHints":{"allow":["GET"]}}],"collection":[{"href":"https:\/\/www.checklist.ezzpro.com.br\/index.php?rest_route=\/wp\/v2\/pages"}],"about":[{"href":"https:\/\/www.checklist.ezzpro.com.br\/index.php?rest_route=\/wp\/v2\/types\/page"}],"author":[{"embeddable":true,"href":"https:\/\/www.checklist.ezzpro.com.br\/index.php?rest_route=\/wp\/v2\/users\/1"}],"replies":[{"embeddable":true,"href":"https:\/\/www.checklist.ezzpro.com.br\/index.php?rest_route=%2Fwp%2Fv2%2Fcomments&post=13"}],"version-history":[{"count":3,"href":"https:\/\/www.checklist.ezzpro.com.br\/index.php?rest_route=\/wp\/v2\/pages\/13\/revisions"}],"predecessor-version":[{"id":15,"href":"https:\/\/www.checklist.ezzpro.com.br\/index.php?rest_route=\/wp\/v2\/pages\/13\/revisions\/15"}],"wp:attachment":[{"href":"https:\/\/www.checklist.ezzpro.com.br\/index.php?rest_route=%2Fwp%2Fv2%2Fmedia&parent=13"}],"curies":[{"name":"wp","href":"https:\/\/api.w.org\/{rel}","templated":true}]}}